{"id":87,"date":"2020-04-12T12:42:41","date_gmt":"2020-04-12T12:42:41","guid":{"rendered":"http:\/\/agarbus.com\/?page_id=87"},"modified":"2024-05-14T08:08:30","modified_gmt":"2024-05-14T08:08:30","slug":"contacto","status":"publish","type":"page","link":"https:\/\/agarbus.com\/index.php\/contacto\/","title":{"rendered":"Contacto"},"content":{"rendered":"\n<h2 class=\"wp-block-heading\"><strong><span style=\"color:#e50000\" class=\"tadv-color\">AUTOCARES AGARBUS S.A.<\/span><\/strong><\/h2>\n\n\n\n<p>C\/ Avena, 7. 28914 Legan\u00e9s (Madrid)<\/p>\n\n\n\n<p>CIF: A-84102763 (<em>Ins. Reg. Mercantil: Tomo 20474, Libro 0, Folio 167, Seccion 8, Hoja M-362260, Inscripcion 1<\/em>)<\/p>\n\n\n\n<p>Tel\u00e9fonos:<\/p>\n\n\n\n<p>Atenci\u00f3n al cliente: 900 525 565<\/p>\n\n\n\n<p>Oficina: 914 987 990  ;  M\u00f3vil: 690 030 866<\/p>\n\n\n\n<p>Email: autocares@agarbus.com<\/p>\n\n\n\n<figure class=\"wp-block-gallery has-nested-images columns-default is-cropped wp-block-gallery-1 is-layout-flex wp-block-gallery-is-layout-flex\">\n<figure class=\"wp-block-image size-large\"><img loading=\"lazy\" decoding=\"async\" width=\"1024\" height=\"118\" data-id=\"355\" src=\"https:\/\/agarbus.com\/wp-content\/uploads\/2024\/05\/logos-web-1024x118.jpg\" alt=\"\" class=\"wp-image-355\" srcset=\"https:\/\/agarbus.com\/wp-content\/uploads\/2024\/05\/logos-web-1024x118.jpg 1024w, https:\/\/agarbus.com\/wp-content\/uploads\/2024\/05\/logos-web-300x35.jpg 300w, https:\/\/agarbus.com\/wp-content\/uploads\/2024\/05\/logos-web-768x89.jpg 768w, https:\/\/agarbus.com\/wp-content\/uploads\/2024\/05\/logos-web-1000x115.jpg 1000w, https:\/\/agarbus.com\/wp-content\/uploads\/2024\/05\/logos-web-230x27.jpg 230w, https:\/\/agarbus.com\/wp-content\/uploads\/2024\/05\/logos-web-350x40.jpg 350w, https:\/\/agarbus.com\/wp-content\/uploads\/2024\/05\/logos-web-480x55.jpg 480w, https:\/\/agarbus.com\/wp-content\/uploads\/2024\/05\/logos-web.jpg 1152w\" sizes=\"(max-width: 1024px) 100vw, 1024px\" \/><\/figure>\n<\/figure>\n\n\n\n<p><strong><em>Empresa beneficiaria de la ayuda obtenida de los Fondos Europeos para el Plan de Recuperaci\u00f3n, Transformaci\u00f3n y Resiliencia de Espa\u00f1a (PRTR).<\/em><\/strong><\/p>\n\n\n\n<p><a href=\"https:\/\/www.mitma.es\/ministerio\/proyectos-singulares\/prtr\/transporte\/publicidad-y-difusion-de-las-ayudas-del-mecanismo-de-recuperacion-y-resiliencia\" target=\"_blank\" rel=\"noreferrer noopener\">https:\/\/www.mitma.es\/ministerio\/proyectos-singulares\/prtr\/transporte\/publicidad-y-difusion-de-las-ayudas-del-mecanismo-de-recuperacion-y-resiliencia<\/a><\/p>\n\n\n\n<p><\/p>\n","protected":false},"excerpt":{"rendered":"<p>AUTOCARES AGARBUS S.A. C\/ Avena, 7. 28914 Legan\u00e9s (Madrid) CIF: A-84102763 (Ins. Reg. Mercantil: Tomo 20474, Libro 0, Folio 167, Seccion 8, [&hellip;]<\/p>\n","protected":false},"author":1,"featured_media":82,"parent":0,"menu_order":0,"comment_status":"closed","ping_status":"closed","template":"","meta":{"footnotes":""},"_links":{"self":[{"href":"https:\/\/agarbus.com\/index.php\/wp-json\/wp\/v2\/pages\/87"}],"collection":[{"href":"https:\/\/agarbus.com\/index.php\/wp-json\/wp\/v2\/pages"}],"about":[{"href":"https:\/\/agarbus.com\/index.php\/wp-json\/wp\/v2\/types\/page"}],"author":[{"embeddable":true,"href":"https:\/\/agarbus.com\/index.php\/wp-json\/wp\/v2\/users\/1"}],"replies":[{"embeddable":true,"href":"https:\/\/agarbus.com\/index.php\/wp-json\/wp\/v2\/comments?post=87"}],"version-history":[{"count":10,"href":"https:\/\/agarbus.com\/index.php\/wp-json\/wp\/v2\/pages\/87\/revisions"}],"predecessor-version":[{"id":356,"href":"https:\/\/agarbus.com\/index.php\/wp-json\/wp\/v2\/pages\/87\/revisions\/356"}],"wp:featuredmedia":[{"embeddable":true,"href":"https:\/\/agarbus.com\/index.php\/wp-json\/wp\/v2\/media\/82"}],"wp:attachment":[{"href":"https:\/\/agarbus.com\/index.php\/wp-json\/wp\/v2\/media?parent=87"}],"curies":[{"name":"wp","href":"https:\/\/api.w.org\/{rel}","templated":true}]}}