{"id":86,"date":"2020-04-12T12:42:41","date_gmt":"2020-04-12T12:42:41","guid":{"rendered":"http:\/\/agarbus.com\/?page_id=86"},"modified":"2020-04-22T16:25:26","modified_gmt":"2020-04-22T16:25:26","slug":"acerca-de","status":"publish","type":"page","link":"https:\/\/agarbus.com\/index.php\/acerca-de\/","title":{"rendered":"Nuestra historia"},"content":{"rendered":"\n<p><strong>\u00a0\u00a0\u00a0\u00a0\u00a0\u00a0\u00a0\u00a0\u00a0\u00a0\u00a0 <\/strong><a href=\"http:\/\/agarbus.com\">ATOCARES AGARBUS<\/a>, empresa fundada hace m\u00e1s de 50 a\u00f1os por Alfonso Garc\u00eda, cuando este, en un peque\u00f1o pueblo de Extremadura y viendo la gran demanda de personas con necesidad de desplazarse a la capital, Madrid, decidi\u00f3 adquirir un peque\u00f1o autocar para comenzar a trasladar pasajeros. A\u00f1os m\u00e1s tarde, ya afincados en Legan\u00e9s y con la siguiente generaci\u00f3n de la familia a cargo de la empresa, Julio Garc\u00eda Recio y Francisco Tejero Mascar\u00e1que (hijo y yerno de Alfonso) deciden en 1983 pasar a formar parte de un grupo de accionistas en el sur de Madrid creando una cooperativa dedicada a atender la demanda de servicios de transporte de viajeros en el sur de la capital, llamada <a href=\"https:\/\/www.autocaresbusleganes.es\/\" target=\"_blank\" rel=\"noreferrer noopener\">BUS LEGANES<\/a>, la cual, todav\u00eda a dia de hoy sigue dando servicio. Poco despu\u00e9s, en 1987 AUTOCARES AGARBUS S.A. se consolida como gran empresa de transporte de viajeros con sede en Legan\u00e9s (Madrid) realizando todo tipo de servicios regulares y discrecionales, especializ\u00e1ndose en viajes, tanto nacionales como internacionales lo que dio lugar a una nueva aventura emprendedora&#8230; en 1992 se crea VIAJES AGARBUS, su agencia de viajes la cual actualmente se compone de dos sucursales, una en Legan\u00e9s (Madrid) y la otra en Villaca\u00f1as (Toledo).<\/p>\n\n\n\n<p>En la actualidad AUTOCARES AGARBUS S.A. sigue manteniendo la misma filosof\u00eda de trabajo y dedicaci\u00f3n preparando a sus nuevas generaciones para el futuro y, sobre todo, buscando siempre la mejor manera de satisfacer las necesidades de sus clientes d\u00e1ndoles un servicio simplemente\u2026 impecable.<\/p>\n","protected":false},"excerpt":{"rendered":"<p>\u00a0\u00a0\u00a0\u00a0\u00a0\u00a0\u00a0\u00a0\u00a0\u00a0\u00a0 ATOCARES AGARBUS, empresa fundada hace m\u00e1s de 50 a\u00f1os por Alfonso Garc\u00eda, cuando este, en un peque\u00f1o pueblo de Extremadura y [&hellip;]<\/p>\n","protected":false},"author":1,"featured_media":100,"parent":0,"menu_order":0,"comment_status":"closed","ping_status":"closed","template":"","meta":{"footnotes":""},"_links":{"self":[{"href":"https:\/\/agarbus.com\/index.php\/wp-json\/wp\/v2\/pages\/86"}],"collection":[{"href":"https:\/\/agarbus.com\/index.php\/wp-json\/wp\/v2\/pages"}],"about":[{"href":"https:\/\/agarbus.com\/index.php\/wp-json\/wp\/v2\/types\/page"}],"author":[{"embeddable":true,"href":"https:\/\/agarbus.com\/index.php\/wp-json\/wp\/v2\/users\/1"}],"replies":[{"embeddable":true,"href":"https:\/\/agarbus.com\/index.php\/wp-json\/wp\/v2\/comments?post=86"}],"version-history":[{"count":3,"href":"https:\/\/agarbus.com\/index.php\/wp-json\/wp\/v2\/pages\/86\/revisions"}],"predecessor-version":[{"id":173,"href":"https:\/\/agarbus.com\/index.php\/wp-json\/wp\/v2\/pages\/86\/revisions\/173"}],"wp:featuredmedia":[{"embeddable":true,"href":"https:\/\/agarbus.com\/index.php\/wp-json\/wp\/v2\/media\/100"}],"wp:attachment":[{"href":"https:\/\/agarbus.com\/index.php\/wp-json\/wp\/v2\/media?parent=86"}],"curies":[{"name":"wp","href":"https:\/\/api.w.org\/{rel}","templated":true}]}}